{"id":25,"date":"2015-07-06T09:35:18","date_gmt":"2015-07-06T07:35:18","guid":{"rendered":"http:\/\/www.didawatamu.com\/?page_id=25"},"modified":"2023-04-08T19:20:00","modified_gmt":"2023-04-08T17:20:00","slug":"commenti","status":"publish","type":"page","link":"https:\/\/www.didawatamu.com\/?page_id=25","title":{"rendered":"Commenti"},"content":{"rendered":"<p><img fetchpriority=\"high\" decoding=\"async\" class=\"aligncenter wp-image-38 \" src=\"https:\/\/www.didawatamu.com\/wp-content\/uploads\/2015\/07\/Diario-penna-e-inchiostro-e1437657979579.jpg\" alt=\"\" width=\"814\" height=\"376\" srcset=\"https:\/\/www.didawatamu.com\/wp-content\/uploads\/2015\/07\/Diario-penna-e-inchiostro-e1437657979579.jpg 718w, https:\/\/www.didawatamu.com\/wp-content\/uploads\/2015\/07\/Diario-penna-e-inchiostro-e1437657979579-300x139.jpg 300w\" sizes=\"(max-width: 814px) 100vw, 814px\" \/><\/p>\n\n\n<div class=\"wp-block-comments\"><h2 id=\"comments\" class=\"wp-block-comments-title\">9 risposte a &#8220;Commenti&#8221;<\/h2>\n\n<ol class=\"wp-block-comment-template\"><li id=\"comment-9\" class=\"comment even thread-even depth-1\">\n\n<div class=\"wp-block-columns is-layout-flex wp-container-core-columns-is-layout-9d6595d7 wp-block-columns-is-layout-flex\">\n<div class=\"wp-block-column is-layout-flow wp-block-column-is-layout-flow\" style=\"flex-basis:40px\"><div class=\"wp-block-avatar\"><img alt='Avatar Alessandro e Costanza' src='https:\/\/secure.gravatar.com\/avatar\/08194fdae7c77209ce699ccff07176ad80e01b4b8d335fcd0ea4811934df0eda?s=40&#038;d=mm&#038;r=g' srcset='https:\/\/secure.gravatar.com\/avatar\/08194fdae7c77209ce699ccff07176ad80e01b4b8d335fcd0ea4811934df0eda?s=80&#038;d=mm&#038;r=g 2x' class='avatar avatar-40 photo wp-block-avatar__image' height='40' width='40'  style=\"border-radius:20px;\"\/><\/div><\/div>\n\n\n\n<div class=\"wp-block-column is-layout-flow wp-block-column-is-layout-flow\"><div class=\"wp-block-comment-author-name has-small-font-size\">Alessandro e Costanza<\/div>\n\n\n<div class=\"wp-block-group is-layout-flex wp-block-group-is-layout-flex\" style=\"margin-top:0px;margin-bottom:0px\"><div class=\"wp-block-comment-date has-small-font-size\"><time datetime=\"2017-08-19T01:19:30+02:00\"><a href=\"https:\/\/www.didawatamu.com\/?page_id=25#comment-9\">19 Agosto 2017<\/a><\/time><\/div>\n\n<\/div>\n\n\n<div class=\"wp-block-comment-content\"><p>C&#8217;\u00e8 poco da dire. Noi ancora siamo senza parole per l&#8217;esperienza appena finita nella tua Watamu. Grazie a te Dida ci siamo mescolati con le persone del posto, siamo stati sempre accolti come amici e per la prima volta in vita nostra dopo solo pochi giorni non ci sentivamo pi\u00f9 turisti. Camminando per strada con te si notava quanto la comunit\u00e0 stravedesse per te, facendo sentire noi come privilegiati ad averti l\u00ec vicino e in soli 10 giorni siamo riusciti a salutare le persone per nome come fossimo l\u00ec da sempre. Un semplice grazie quindi non \u00e8 sufficiente&#8230;Ci rivedremo presto<br \/>\nAle&amp;Costy<\/p>\n<\/div>\n\n<div class=\"wp-block-comment-reply-link has-small-font-size\"><a rel=\"nofollow\" class=\"comment-reply-link\" href=\"https:\/\/www.didawatamu.com\/?page_id=25&#038;replytocom=9#respond\" data-commentid=\"9\" data-postid=\"25\" data-belowelement=\"comment-9\" data-respondelement=\"respond\" data-replyto=\"Rispondi a Alessandro e Costanza\" aria-label=\"Rispondi a Alessandro e Costanza\">Rispondi<\/a><\/div><\/div>\n<\/div>\n\n<ol><li id=\"comment-10\" class=\"comment odd alt depth-2\">\n\n<div class=\"wp-block-columns is-layout-flex wp-container-core-columns-is-layout-9d6595d7 wp-block-columns-is-layout-flex\">\n<div class=\"wp-block-column is-layout-flow wp-block-column-is-layout-flow\" style=\"flex-basis:40px\"><div class=\"wp-block-avatar\"><img alt='Avatar dida' src='https:\/\/secure.gravatar.com\/avatar\/32646402e5b339c2f4fe2629f0441b4e3e5880adbd97bf68e92ab6b3f1a6940d?s=40&#038;d=mm&#038;r=g' srcset='https:\/\/secure.gravatar.com\/avatar\/32646402e5b339c2f4fe2629f0441b4e3e5880adbd97bf68e92ab6b3f1a6940d?s=80&#038;d=mm&#038;r=g 2x' class='avatar avatar-40 photo wp-block-avatar__image' height='40' width='40'  style=\"border-radius:20px;\"\/><\/div><\/div>\n\n\n\n<div class=\"wp-block-column is-layout-flow wp-block-column-is-layout-flow\"><div class=\"wp-block-comment-author-name has-small-font-size\"><a rel=\"external nofollow ugc\" href=\"https:\/\/www.didawatamu.com\" target=\"_self\" >dida<\/a><\/div>\n\n\n<div class=\"wp-block-group is-layout-flex wp-block-group-is-layout-flex\" style=\"margin-top:0px;margin-bottom:0px\"><div class=\"wp-block-comment-date has-small-font-size\"><time datetime=\"2017-08-19T21:17:14+02:00\"><a href=\"https:\/\/www.didawatamu.com\/?page_id=25#comment-10\">19 Agosto 2017<\/a><\/time><\/div>\n\n<\/div>\n\n\n<div class=\"wp-block-comment-content\"><p>Jambo Alessandro e costanza<br \/>\nGrazie tanto per la vostro fiducia per me<br \/>\nE benvenuti ancora in kenya<\/p>\n<\/div>\n\n<div class=\"wp-block-comment-reply-link has-small-font-size\"><a rel=\"nofollow\" class=\"comment-reply-link\" href=\"https:\/\/www.didawatamu.com\/?page_id=25&#038;replytocom=10#respond\" data-commentid=\"10\" data-postid=\"25\" data-belowelement=\"comment-10\" data-respondelement=\"respond\" data-replyto=\"Rispondi a dida\" aria-label=\"Rispondi a dida\">Rispondi<\/a><\/div><\/div>\n<\/div>\n\n<\/li><\/ol><\/li><li id=\"comment-8\" class=\"comment even thread-odd thread-alt depth-1\">\n\n<div class=\"wp-block-columns is-layout-flex wp-container-core-columns-is-layout-9d6595d7 wp-block-columns-is-layout-flex\">\n<div class=\"wp-block-column is-layout-flow wp-block-column-is-layout-flow\" style=\"flex-basis:40px\"><div class=\"wp-block-avatar\"><img alt='Avatar barbara' src='https:\/\/secure.gravatar.com\/avatar\/e17a44c537d38d3281cc10577872702b1bb41db209e957160996c2fd43b3be6b?s=40&#038;d=mm&#038;r=g' srcset='https:\/\/secure.gravatar.com\/avatar\/e17a44c537d38d3281cc10577872702b1bb41db209e957160996c2fd43b3be6b?s=80&#038;d=mm&#038;r=g 2x' class='avatar avatar-40 photo wp-block-avatar__image' height='40' width='40'  style=\"border-radius:20px;\"\/><\/div><\/div>\n\n\n\n<div class=\"wp-block-column is-layout-flow wp-block-column-is-layout-flow\"><div class=\"wp-block-comment-author-name has-small-font-size\">barbara<\/div>\n\n\n<div class=\"wp-block-group is-layout-flex wp-block-group-is-layout-flex\" style=\"margin-top:0px;margin-bottom:0px\"><div class=\"wp-block-comment-date has-small-font-size\"><time datetime=\"2016-10-10T23:32:17+02:00\"><a href=\"https:\/\/www.didawatamu.com\/?page_id=25#comment-8\">10 Ottobre 2016<\/a><\/time><\/div>\n\n<\/div>\n\n\n<div class=\"wp-block-comment-content\"><p>il nostro viaggio sembrava la solita vacanza , fino a quando non ti abbiamo conosciuto Dida! sei una persona meravigliosa che ci ha fatto vedere il cuore vero dell&#8217;africa..i profumi&#8230;i colori..i sapori&#8230;le gioie &#8230;il dolore&#8230;.siamo felici di averti avuto come guida e come amico..e non vediamo l&#8217;ora di tornare . grazie di cuore<\/p>\n<\/div>\n\n<div class=\"wp-block-comment-reply-link has-small-font-size\"><a rel=\"nofollow\" class=\"comment-reply-link\" href=\"https:\/\/www.didawatamu.com\/?page_id=25&#038;replytocom=8#respond\" data-commentid=\"8\" data-postid=\"25\" data-belowelement=\"comment-8\" data-respondelement=\"respond\" data-replyto=\"Rispondi a barbara\" aria-label=\"Rispondi a barbara\">Rispondi<\/a><\/div><\/div>\n<\/div>\n\n<\/li><li id=\"comment-7\" class=\"comment odd alt thread-even depth-1\">\n\n<div class=\"wp-block-columns is-layout-flex wp-container-core-columns-is-layout-9d6595d7 wp-block-columns-is-layout-flex\">\n<div class=\"wp-block-column is-layout-flow wp-block-column-is-layout-flow\" style=\"flex-basis:40px\"><div class=\"wp-block-avatar\"><img alt='Avatar Mirko' src='https:\/\/secure.gravatar.com\/avatar\/b20c966c8ac3ef1e8d7a02479d5412f72c1a6912c30bfbd3d18de0c30d7ef111?s=40&#038;d=mm&#038;r=g' srcset='https:\/\/secure.gravatar.com\/avatar\/b20c966c8ac3ef1e8d7a02479d5412f72c1a6912c30bfbd3d18de0c30d7ef111?s=80&#038;d=mm&#038;r=g 2x' class='avatar avatar-40 photo wp-block-avatar__image' height='40' width='40'  style=\"border-radius:20px;\"\/><\/div><\/div>\n\n\n\n<div class=\"wp-block-column is-layout-flow wp-block-column-is-layout-flow\"><div class=\"wp-block-comment-author-name has-small-font-size\">Mirko<\/div>\n\n\n<div class=\"wp-block-group is-layout-flex wp-block-group-is-layout-flex\" style=\"margin-top:0px;margin-bottom:0px\"><div class=\"wp-block-comment-date has-small-font-size\"><time datetime=\"2015-10-16T22:33:49+02:00\"><a href=\"https:\/\/www.didawatamu.com\/?page_id=25#comment-7\">16 Ottobre 2015<\/a><\/time><\/div>\n\n<\/div>\n\n\n<div class=\"wp-block-comment-content\"><p>Ciao Dida, grazie davvero per tutto quello che hai fatto per noi in questi giorni fantastici in Kenya. Siete un popolo splendido e consiglier\u00f2 a chiunque di venire a scoprirvi. Un abbraccio: Ilaria, Mirko (ma anche Antonella, Marco, Jacopo, Elisa, Chiara, Marco, Sebastiano, Federica). Alla prossima &#8230;.JAMBO<\/p>\n<\/div>\n\n<div class=\"wp-block-comment-reply-link has-small-font-size\"><a rel=\"nofollow\" class=\"comment-reply-link\" href=\"https:\/\/www.didawatamu.com\/?page_id=25&#038;replytocom=7#respond\" data-commentid=\"7\" data-postid=\"25\" data-belowelement=\"comment-7\" data-respondelement=\"respond\" data-replyto=\"Rispondi a Mirko\" aria-label=\"Rispondi a Mirko\">Rispondi<\/a><\/div><\/div>\n<\/div>\n\n<\/li><li id=\"comment-6\" class=\"comment even thread-odd thread-alt depth-1\">\n\n<div class=\"wp-block-columns is-layout-flex wp-container-core-columns-is-layout-9d6595d7 wp-block-columns-is-layout-flex\">\n<div class=\"wp-block-column is-layout-flow wp-block-column-is-layout-flow\" style=\"flex-basis:40px\"><div class=\"wp-block-avatar\"><img alt='Avatar caterina' src='https:\/\/secure.gravatar.com\/avatar\/f1dae6a19645fce057f0208726ebfd67d19f2cacf3e4692c82e7cec450b992a1?s=40&#038;d=mm&#038;r=g' srcset='https:\/\/secure.gravatar.com\/avatar\/f1dae6a19645fce057f0208726ebfd67d19f2cacf3e4692c82e7cec450b992a1?s=80&#038;d=mm&#038;r=g 2x' class='avatar avatar-40 photo wp-block-avatar__image' height='40' width='40'  style=\"border-radius:20px;\"\/><\/div><\/div>\n\n\n\n<div class=\"wp-block-column is-layout-flow wp-block-column-is-layout-flow\"><div class=\"wp-block-comment-author-name has-small-font-size\">caterina<\/div>\n\n\n<div class=\"wp-block-group is-layout-flex wp-block-group-is-layout-flex\" style=\"margin-top:0px;margin-bottom:0px\"><div class=\"wp-block-comment-date has-small-font-size\"><time datetime=\"2015-08-05T19:17:05+02:00\"><a href=\"https:\/\/www.didawatamu.com\/?page_id=25#comment-6\">5 Agosto 2015<\/a><\/time><\/div>\n\n<\/div>\n\n\n<div class=\"wp-block-comment-content\"><p>ciao Dida,<br \/>\ncome ogni volta \u00e8 bellissimo passare qualche giorno insieme a te, alla scoperta del nostro amato Kenya!<br \/>\nGrazie per come sei e per la bella famiglia che stai crescendo! ti vogliamo bene!!<\/p>\n<\/div>\n\n<div class=\"wp-block-comment-reply-link has-small-font-size\"><a rel=\"nofollow\" class=\"comment-reply-link\" href=\"https:\/\/www.didawatamu.com\/?page_id=25&#038;replytocom=6#respond\" data-commentid=\"6\" data-postid=\"25\" data-belowelement=\"comment-6\" data-respondelement=\"respond\" data-replyto=\"Rispondi a caterina\" aria-label=\"Rispondi a caterina\">Rispondi<\/a><\/div><\/div>\n<\/div>\n\n<\/li><li id=\"comment-5\" class=\"comment odd alt thread-even depth-1\">\n\n<div class=\"wp-block-columns is-layout-flex wp-container-core-columns-is-layout-9d6595d7 wp-block-columns-is-layout-flex\">\n<div class=\"wp-block-column is-layout-flow wp-block-column-is-layout-flow\" style=\"flex-basis:40px\"><div class=\"wp-block-avatar\"><img alt='Avatar Luigi Baldini' src='https:\/\/secure.gravatar.com\/avatar\/1ad106d6f5e41b142feeecf0dd2cac33271f1c47c8bc894c46b6ff5aabb50ed8?s=40&#038;d=mm&#038;r=g' srcset='https:\/\/secure.gravatar.com\/avatar\/1ad106d6f5e41b142feeecf0dd2cac33271f1c47c8bc894c46b6ff5aabb50ed8?s=80&#038;d=mm&#038;r=g 2x' class='avatar avatar-40 photo wp-block-avatar__image' height='40' width='40'  style=\"border-radius:20px;\"\/><\/div><\/div>\n\n\n\n<div class=\"wp-block-column is-layout-flow wp-block-column-is-layout-flow\"><div class=\"wp-block-comment-author-name has-small-font-size\">Luigi Baldini<\/div>\n\n\n<div class=\"wp-block-group is-layout-flex wp-block-group-is-layout-flex\" style=\"margin-top:0px;margin-bottom:0px\"><div class=\"wp-block-comment-date has-small-font-size\"><time datetime=\"2015-04-03T14:23:17+02:00\"><a href=\"https:\/\/www.didawatamu.com\/?page_id=25#comment-5\">3 Aprile 2015<\/a><\/time><\/div>\n\n<\/div>\n\n\n<div class=\"wp-block-comment-content\"><p>Cinzia Francesca Luigi Ferdinando<br \/>\nTi Ringraziamo infinitamente per averci fatto conoscere il tuo paese, non potevamo trovare niente di meglio!<br \/>\nAd Maiora per tutta la tua famiglia!<\/p>\n<\/div>\n\n<div class=\"wp-block-comment-reply-link has-small-font-size\"><a rel=\"nofollow\" class=\"comment-reply-link\" href=\"https:\/\/www.didawatamu.com\/?page_id=25&#038;replytocom=5#respond\" data-commentid=\"5\" data-postid=\"25\" data-belowelement=\"comment-5\" data-respondelement=\"respond\" data-replyto=\"Rispondi a Luigi Baldini\" aria-label=\"Rispondi a Luigi Baldini\">Rispondi<\/a><\/div><\/div>\n<\/div>\n\n<\/li><li id=\"comment-4\" class=\"comment even thread-odd thread-alt depth-1\">\n\n<div class=\"wp-block-columns is-layout-flex wp-container-core-columns-is-layout-9d6595d7 wp-block-columns-is-layout-flex\">\n<div class=\"wp-block-column is-layout-flow wp-block-column-is-layout-flow\" style=\"flex-basis:40px\"><div class=\"wp-block-avatar\"><img alt='Avatar Daniele e Francesca' src='https:\/\/secure.gravatar.com\/avatar\/1ad106d6f5e41b142feeecf0dd2cac33271f1c47c8bc894c46b6ff5aabb50ed8?s=40&#038;d=mm&#038;r=g' srcset='https:\/\/secure.gravatar.com\/avatar\/1ad106d6f5e41b142feeecf0dd2cac33271f1c47c8bc894c46b6ff5aabb50ed8?s=80&#038;d=mm&#038;r=g 2x' class='avatar avatar-40 photo wp-block-avatar__image' height='40' width='40'  style=\"border-radius:20px;\"\/><\/div><\/div>\n\n\n\n<div class=\"wp-block-column is-layout-flow wp-block-column-is-layout-flow\"><div class=\"wp-block-comment-author-name has-small-font-size\">Daniele e Francesca<\/div>\n\n\n<div class=\"wp-block-group is-layout-flex wp-block-group-is-layout-flex\" style=\"margin-top:0px;margin-bottom:0px\"><div class=\"wp-block-comment-date has-small-font-size\"><time datetime=\"2013-03-18T11:54:56+01:00\"><a href=\"https:\/\/www.didawatamu.com\/?page_id=25#comment-4\">18 Marzo 2013<\/a><\/time><\/div>\n\n<\/div>\n\n\n<div class=\"wp-block-comment-content\"><p>Ciao Dida,<br \/>\nsiamo Daniele e Francesca da Bergamo. Ci manca di gi\u00e0 il bel safari fatto insieme&#8230;tutto bellissimo!!! Beach Boys fantastici!!!<\/p>\n<\/div>\n\n<div class=\"wp-block-comment-reply-link has-small-font-size\"><a rel=\"nofollow\" class=\"comment-reply-link\" href=\"https:\/\/www.didawatamu.com\/?page_id=25&#038;replytocom=4#respond\" data-commentid=\"4\" data-postid=\"25\" data-belowelement=\"comment-4\" data-respondelement=\"respond\" data-replyto=\"Rispondi a Daniele e Francesca\" aria-label=\"Rispondi a Daniele e Francesca\">Rispondi<\/a><\/div><\/div>\n<\/div>\n\n<\/li><li id=\"comment-3\" class=\"comment odd alt thread-even depth-1\">\n\n<div class=\"wp-block-columns is-layout-flex wp-container-core-columns-is-layout-9d6595d7 wp-block-columns-is-layout-flex\">\n<div class=\"wp-block-column is-layout-flow wp-block-column-is-layout-flow\" style=\"flex-basis:40px\"><div class=\"wp-block-avatar\"><img alt='Avatar Ivan e Sonia' src='https:\/\/secure.gravatar.com\/avatar\/1ad106d6f5e41b142feeecf0dd2cac33271f1c47c8bc894c46b6ff5aabb50ed8?s=40&#038;d=mm&#038;r=g' srcset='https:\/\/secure.gravatar.com\/avatar\/1ad106d6f5e41b142feeecf0dd2cac33271f1c47c8bc894c46b6ff5aabb50ed8?s=80&#038;d=mm&#038;r=g 2x' class='avatar avatar-40 photo wp-block-avatar__image' height='40' width='40'  style=\"border-radius:20px;\"\/><\/div><\/div>\n\n\n\n<div class=\"wp-block-column is-layout-flow wp-block-column-is-layout-flow\"><div class=\"wp-block-comment-author-name has-small-font-size\">Ivan e Sonia<\/div>\n\n\n<div class=\"wp-block-group is-layout-flex wp-block-group-is-layout-flex\" style=\"margin-top:0px;margin-bottom:0px\"><div class=\"wp-block-comment-date has-small-font-size\"><time datetime=\"2012-05-16T13:46:09+02:00\"><a href=\"https:\/\/www.didawatamu.com\/?page_id=25#comment-3\">16 Maggio 2012<\/a><\/time><\/div>\n\n<\/div>\n\n\n<div class=\"wp-block-comment-content\"><p>Ciao Dida, abbiamo messo il nostro commento su Trip Advisor&#8230;non ti mancheranno pi\u00f9 i clienti!! Un saluto e speriamo di rivederci presto&#8230;..<\/p>\n<\/div>\n\n<div class=\"wp-block-comment-reply-link has-small-font-size\"><a rel=\"nofollow\" class=\"comment-reply-link\" href=\"https:\/\/www.didawatamu.com\/?page_id=25&#038;replytocom=3#respond\" data-commentid=\"3\" data-postid=\"25\" data-belowelement=\"comment-3\" data-respondelement=\"respond\" data-replyto=\"Rispondi a Ivan e Sonia\" aria-label=\"Rispondi a Ivan e Sonia\">Rispondi<\/a><\/div><\/div>\n<\/div>\n\n<\/li><li id=\"comment-2\" class=\"comment even thread-odd thread-alt depth-1\">\n\n<div class=\"wp-block-columns is-layout-flex wp-container-core-columns-is-layout-9d6595d7 wp-block-columns-is-layout-flex\">\n<div class=\"wp-block-column is-layout-flow wp-block-column-is-layout-flow\" style=\"flex-basis:40px\"><div class=\"wp-block-avatar\"><img alt='Avatar Marco &amp; Gianna' src='https:\/\/secure.gravatar.com\/avatar\/1ad106d6f5e41b142feeecf0dd2cac33271f1c47c8bc894c46b6ff5aabb50ed8?s=40&#038;d=mm&#038;r=g' srcset='https:\/\/secure.gravatar.com\/avatar\/1ad106d6f5e41b142feeecf0dd2cac33271f1c47c8bc894c46b6ff5aabb50ed8?s=80&#038;d=mm&#038;r=g 2x' class='avatar avatar-40 photo wp-block-avatar__image' height='40' width='40'  style=\"border-radius:20px;\"\/><\/div><\/div>\n\n\n\n<div class=\"wp-block-column is-layout-flow wp-block-column-is-layout-flow\"><div class=\"wp-block-comment-author-name has-small-font-size\">Marco &amp; Gianna<\/div>\n\n\n<div class=\"wp-block-group is-layout-flex wp-block-group-is-layout-flex\" style=\"margin-top:0px;margin-bottom:0px\"><div class=\"wp-block-comment-date has-small-font-size\"><time datetime=\"2012-02-12T16:50:58+01:00\"><a href=\"https:\/\/www.didawatamu.com\/?page_id=25#comment-2\">12 Febbraio 2012<\/a><\/time><\/div>\n\n<\/div>\n\n\n<div class=\"wp-block-comment-content\"><p>Ciao Dida!!! Sono Marco &amp; Gianna, siamo tornati in Italia che nostalgia!!! Qua fa freddo e piove&#8230; non vediamo l&#8217;ora di tornare nel tuo splendido paese!<br \/>\nGrazie di tutto!<br \/>\nUn bacione!!!<br \/>\nMArco e Gianna<\/p>\n<\/div>\n\n<div class=\"wp-block-comment-reply-link has-small-font-size\"><a rel=\"nofollow\" class=\"comment-reply-link\" href=\"https:\/\/www.didawatamu.com\/?page_id=25&#038;replytocom=2#respond\" data-commentid=\"2\" data-postid=\"25\" data-belowelement=\"comment-2\" data-respondelement=\"respond\" data-replyto=\"Rispondi a Marco &amp; Gianna\" aria-label=\"Rispondi a Marco &amp; Gianna\">Rispondi<\/a><\/div><\/div>\n<\/div>\n\n<\/li><\/ol>\n\n<\/div>\n","protected":false},"excerpt":{"rendered":"","protected":false},"author":1,"featured_media":0,"parent":0,"menu_order":0,"comment_status":"open","ping_status":"closed","template":"","meta":{"footnotes":""},"class_list":["post-25","page","type-page","status-publish","hentry","xfolkentry","clearfix"],"_links":{"self":[{"href":"https:\/\/www.didawatamu.com\/index.php?rest_route=\/wp\/v2\/pages\/25","targetHints":{"allow":["GET"]}}],"collection":[{"href":"https:\/\/www.didawatamu.com\/index.php?rest_route=\/wp\/v2\/pages"}],"about":[{"href":"https:\/\/www.didawatamu.com\/index.php?rest_route=\/wp\/v2\/types\/page"}],"author":[{"embeddable":true,"href":"https:\/\/www.didawatamu.com\/index.php?rest_route=\/wp\/v2\/users\/1"}],"replies":[{"embeddable":true,"href":"https:\/\/www.didawatamu.com\/index.php?rest_route=%2Fwp%2Fv2%2Fcomments&post=25"}],"version-history":[{"count":11,"href":"https:\/\/www.didawatamu.com\/index.php?rest_route=\/wp\/v2\/pages\/25\/revisions"}],"predecessor-version":[{"id":246,"href":"https:\/\/www.didawatamu.com\/index.php?rest_route=\/wp\/v2\/pages\/25\/revisions\/246"}],"wp:attachment":[{"href":"https:\/\/www.didawatamu.com\/index.php?rest_route=%2Fwp%2Fv2%2Fmedia&parent=25"}],"curies":[{"name":"wp","href":"https:\/\/api.w.org\/{rel}","templated":true}]}}