{"id":8,"date":"2015-06-25T17:57:20","date_gmt":"2015-06-25T15:57:20","guid":{"rendered":"http:\/\/www.didawatamu.com\/?page_id=8"},"modified":"2015-07-23T15:21:28","modified_gmt":"2015-07-23T13:21:28","slug":"watamu","status":"publish","type":"page","link":"https:\/\/www.didawatamu.com\/?page_id=8","title":{"rendered":"Watamu"},"content":{"rendered":"<p style=\"text-align: center;\"><span style=\"color: #ff0000;\"><img fetchpriority=\"high\" decoding=\"async\" class=\"aligncenter size-full wp-image-36\" src=\"https:\/\/www.didawatamu.com\/wp-content\/uploads\/2015\/07\/Watamu1-e1437657378319.jpg\" alt=\"\" width=\"2628\" height=\"1353\" srcset=\"https:\/\/www.didawatamu.com\/wp-content\/uploads\/2015\/07\/Watamu1-e1437657378319.jpg 2628w, https:\/\/www.didawatamu.com\/wp-content\/uploads\/2015\/07\/Watamu1-e1437657378319-300x154.jpg 300w, https:\/\/www.didawatamu.com\/wp-content\/uploads\/2015\/07\/Watamu1-e1437657378319-1024x527.jpg 1024w\" sizes=\"(max-width: 2628px) 100vw, 2628px\" \/><\/span><\/p>\n<p>Watamu \u00e8 situato a circa 25 km a sud di Malindi. Watamu \u00e8 principalmente una localit\u00e0 turistica, la costa \u00e8 divisa in tre insenature separate da promontori rocciosi frastagliati, cos\u00ec come sono frastagliate le coste delle numerose isole al largo.<\/p>\n<p>Con la bassa marea, a determinate ore del giorno, tutte le baie si trasformano in ampie spiagge bianche, e molti turisti raggiungono a piedi le vicine isole per prendere il sole e nuotare.<\/p>\n<p>I pescatori swahili attraccano le loro imbarcazioni a poche centinaia di metri da i turisti, rendendo lo scenario unico. Subito dietro i resort sorge un villaggio, abitato da persone molto accoglienti e rispettose dei turisti.<\/p>\n<p>Anche i resort hanno dei pacchetti di escursioni che propongono come esclusivi, in realt\u00e0 si appoggiano a i nostri canali locali e ad agenzie come la nostra. Il tutto con prezzi maggiorati.<\/p>\n<p>La nostra agenzia ha prezzi concorrenziali e l\u2019esperienza che vivrete nelle nostre escursioni sar\u00e0 unica.<\/p>\n<p style=\"text-align: center;\">\n","protected":false},"excerpt":{"rendered":"<p>Watamu \u00e8 situato a circa 25 km a sud di Malindi. Watamu \u00e8 principalmente una localit\u00e0 turistica, la costa \u00e8 divisa in tre insenature separate da promontori rocciosi frastagliati, cos\u00ec come sono frastagliate le coste delle numerose isole al largo. Con la bassa marea, a determinate ore del giorno, tutte le baie si trasformano in ampie spiagge bianche, e molti&hellip; <\/p>\n<p><a class=\"more-link\" href=\"https:\/\/www.didawatamu.com\/?page_id=8\">Continue reading <span class=\"meta-nav\">&rarr;<\/span><\/a><\/p>\n","protected":false},"author":1,"featured_media":0,"parent":0,"menu_order":0,"comment_status":"closed","ping_status":"closed","template":"","meta":{"footnotes":""},"class_list":["post-8","page","type-page","status-publish","hentry","xfolkentry","clearfix"],"_links":{"self":[{"href":"https:\/\/www.didawatamu.com\/index.php?rest_route=\/wp\/v2\/pages\/8","targetHints":{"allow":["GET"]}}],"collection":[{"href":"https:\/\/www.didawatamu.com\/index.php?rest_route=\/wp\/v2\/pages"}],"about":[{"href":"https:\/\/www.didawatamu.com\/index.php?rest_route=\/wp\/v2\/types\/page"}],"author":[{"embeddable":true,"href":"https:\/\/www.didawatamu.com\/index.php?rest_route=\/wp\/v2\/users\/1"}],"replies":[{"embeddable":true,"href":"https:\/\/www.didawatamu.com\/index.php?rest_route=%2Fwp%2Fv2%2Fcomments&post=8"}],"version-history":[{"count":4,"href":"https:\/\/www.didawatamu.com\/index.php?rest_route=\/wp\/v2\/pages\/8\/revisions"}],"predecessor-version":[{"id":37,"href":"https:\/\/www.didawatamu.com\/index.php?rest_route=\/wp\/v2\/pages\/8\/revisions\/37"}],"wp:attachment":[{"href":"https:\/\/www.didawatamu.com\/index.php?rest_route=%2Fwp%2Fv2%2Fmedia&parent=8"}],"curies":[{"name":"wp","href":"https:\/\/api.w.org\/{rel}","templated":true}]}}